{"id":11516,"date":"2015-02-06T18:36:06","date_gmt":"2015-02-06T18:36:06","guid":{"rendered":"http:\/\/apartmanisolta.kontus.net\/?page_id=11516"},"modified":"2017-03-16T21:12:55","modified_gmt":"2017-03-16T21:12:55","slug":"island-solta","status":"publish","type":"page","link":"https:\/\/www.apartmani-solta.net\/en\/island-solta\/","title":{"rendered":"Island \u0160olta"},"content":{"rendered":"<div class=\"fusion-title title\"><h2 class=\"title-heading-left\">The Island of \u0160olta<\/h2><div class=\"title-sep-container\"><div class=\"title-sep sep-double\"><\/div><\/div><\/div><div class=\"fusion-fullwidth fullwidth-box\" style=\"background-attachment:scroll;background-position:left top;background-repeat:no-repeat;-webkit-background-size:cover;-moz-background-size:cover;-o-background-size:cover;background-size:cover;border-color:#eae9e9;border-bottom-width: 0px;border-top-width: 0px;border-bottom-style: solid;border-top-style: solid;padding-bottom:20px;padding-left:0px;padding-right:0px;padding-top:20px;\"><div class=\"avada-row\">\u0160olta is medium sized island (58km2) in central Dalmatia, situated east of the island of Bra\u010d, and 9nm from Split. During the summer, there are 6 ferry lines travelling between Split and \u0160olta and 2 catamaran lines. On the island there are 8 small idyllic villages which can be reached by tarmac roads, as well as several secluded bays, some of which can be reached by tarmac road, or others on foot or by bicycle.<\/div><\/div><div class=\"images-carousel-container fusion-image-carousel lightbox-enabled\"><div class=\"es-carousel-wrapper fusion-carousel-small\"><div class=\"es-carousel\"><ul><li><div class=\"image\"><a data-rel=\"prettyPhoto[gallery_image_1]\" href=\"http:\/\/www.apartmani-solta.net\/wp-content\/uploads\/2015\/02\/solta1.jpg\" target=\"_self\"><img src=\"http:\/\/www.apartmani-solta.net\/wp-content\/uploads\/2015\/02\/solta1.jpg\" alt=\"\" \/><\/a><\/div><\/li><li><div class=\"image\"><a data-rel=\"prettyPhoto[gallery_image_1]\" href=\"http:\/\/www.apartmani-solta.net\/wp-content\/uploads\/2015\/02\/solta2.jpg\" target=\"_self\"><img src=\"http:\/\/www.apartmani-solta.net\/wp-content\/uploads\/2015\/02\/solta2.jpg\" alt=\"\" \/><\/a><\/div><\/li><li><div class=\"image\"><a data-rel=\"prettyPhoto[gallery_image_1]\" href=\"http:\/\/www.apartmani-solta.net\/wp-content\/uploads\/2015\/02\/solta3.jpg\" target=\"_self\"><img src=\"http:\/\/www.apartmani-solta.net\/wp-content\/uploads\/2015\/02\/solta3.jpg\" alt=\"\" \/><\/a><\/div><\/li><li><div class=\"image\"><a data-rel=\"prettyPhoto[gallery_image_1]\" href=\"http:\/\/www.apartmani-solta.net\/wp-content\/uploads\/2015\/02\/solta4.jpg\" target=\"_self\"><img src=\"http:\/\/www.apartmani-solta.net\/wp-content\/uploads\/2015\/02\/solta4.jpg\" alt=\"\" \/><\/a><\/div><\/li><li><div class=\"image\"><a data-rel=\"prettyPhoto[gallery_image_1]\" href=\"http:\/\/www.apartmani-solta.net\/wp-content\/uploads\/2015\/02\/solta5.jpg\" target=\"_self\"><img src=\"http:\/\/www.apartmani-solta.net\/wp-content\/uploads\/2015\/02\/solta5.jpg\" alt=\"\" \/><\/a><\/div><\/li><li><div class=\"image\"><a data-rel=\"prettyPhoto[gallery_image_1]\" href=\"http:\/\/www.apartmani-solta.net\/wp-content\/uploads\/2015\/02\/solta6.jpg\" target=\"_self\"><img src=\"http:\/\/www.apartmani-solta.net\/wp-content\/uploads\/2015\/02\/solta6.jpg\" alt=\"\" \/><\/a><\/div><\/li><\/ul><\/div><div class=\"es-nav\"><span class=\"es-nav-prev\"><\/span><span class=\"es-nav-next\"><\/span><\/div><\/div><\/div>\nNOTE<br \/>\nPhotos are taken from the pages of TZ \u0160olta<\/p>\n\n","protected":false},"excerpt":{"rendered":"","protected":false},"author":1,"featured_media":11517,"parent":0,"menu_order":0,"comment_status":"open","ping_status":"closed","template":"","meta":{"footnotes":""},"_links":{"self":[{"href":"https:\/\/www.apartmani-solta.net\/en\/wp-json\/wp\/v2\/pages\/11516"}],"collection":[{"href":"https:\/\/www.apartmani-solta.net\/en\/wp-json\/wp\/v2\/pages"}],"about":[{"href":"https:\/\/www.apartmani-solta.net\/en\/wp-json\/wp\/v2\/types\/page"}],"author":[{"embeddable":true,"href":"https:\/\/www.apartmani-solta.net\/en\/wp-json\/wp\/v2\/users\/1"}],"replies":[{"embeddable":true,"href":"https:\/\/www.apartmani-solta.net\/en\/wp-json\/wp\/v2\/comments?post=11516"}],"version-history":[{"count":6,"href":"https:\/\/www.apartmani-solta.net\/en\/wp-json\/wp\/v2\/pages\/11516\/revisions"}],"predecessor-version":[{"id":11832,"href":"https:\/\/www.apartmani-solta.net\/en\/wp-json\/wp\/v2\/pages\/11516\/revisions\/11832"}],"wp:featuredmedia":[{"embeddable":true,"href":"https:\/\/www.apartmani-solta.net\/en\/wp-json\/wp\/v2\/media\/11517"}],"wp:attachment":[{"href":"https:\/\/www.apartmani-solta.net\/en\/wp-json\/wp\/v2\/media?parent=11516"}],"curies":[{"name":"wp","href":"https:\/\/api.w.org\/{rel}","templated":true}]}}